{"id":1304,"date":"2013-12-10T19:37:20","date_gmt":"2013-12-10T19:37:20","guid":{"rendered":"http:\/\/mosert-lackierung.de\/cms\/?page_id=1304"},"modified":"2014-01-13T14:05:46","modified_gmt":"2014-01-13T14:05:46","slug":"industrielackierung","status":"publish","type":"page","link":"https:\/\/mosert-lackierung.de\/cms\/industrielackierung\/","title":{"rendered":"Industrielackierung"},"content":{"rendered":"<p><span style=\"line-height: 1.5em;\">Moderne Lacktechnologien sch\u00fctzen Werkstoffe, machen sie unempfindlich und best\u00e4ndiger gegen\u00fcber Umwelteinfl\u00fcssen, sowie jeglichen weiteren Belastungen.\u00a0<\/span>Lackierungen dienen sowohl funktionell als auch dekorativ.\u00a0Wir lackieren nach Ihren Vorgaben. Bei der Farbgestaltung und der Auswahl des Oberfl\u00e4chenprofils beraten wir Sie gerne.<\/p>\n<p>Kleinserien oder Einzelteile f\u00fcr Ausstellungen oder Messen werden auf h\u00f6chstem Niveau angefertigt. Zu unseren Kundenstamm geh\u00f6ren namhafte Zulieferer der Automobilindustrie.<\/p>\n<p><a href=\"http:\/\/mosert-lackierung.de\/cms\/wp-content\/uploads\/2014\/01\/005-Small.jpg\"><img loading=\"lazy\" decoding=\"async\" class=\"alignnone size-thumbnail wp-image-1465\" alt=\"005 (Small)\" src=\"http:\/\/mosert-lackierung.de\/cms\/wp-content\/uploads\/2014\/01\/005-Small-200x200.jpg\" width=\"200\" height=\"200\" \/><\/a> <a href=\"http:\/\/mosert-lackierung.de\/cms\/wp-content\/uploads\/2014\/01\/003-Small.jpg\"><img loading=\"lazy\" decoding=\"async\" class=\"alignnone size-thumbnail wp-image-1464\" alt=\"003 (Small)\" src=\"http:\/\/mosert-lackierung.de\/cms\/wp-content\/uploads\/2014\/01\/003-Small-200x200.jpg\" width=\"200\" height=\"200\" \/><\/a> <a href=\"http:\/\/mosert-lackierung.de\/cms\/wp-content\/uploads\/2014\/01\/002-Small.jpg\"><img loading=\"lazy\" decoding=\"async\" class=\"alignnone size-thumbnail wp-image-1463\" alt=\"002 (Small)\" src=\"http:\/\/mosert-lackierung.de\/cms\/wp-content\/uploads\/2014\/01\/002-Small-200x200.jpg\" width=\"200\" height=\"200\" \/><\/a> <a href=\"http:\/\/mosert-lackierung.de\/cms\/wp-content\/uploads\/2014\/01\/006-Small.jpg\"><img loading=\"lazy\" decoding=\"async\" class=\"alignnone size-thumbnail wp-image-1466\" alt=\"006 (Small)\" src=\"http:\/\/mosert-lackierung.de\/cms\/wp-content\/uploads\/2014\/01\/006-Small-200x200.jpg\" width=\"200\" height=\"200\" \/><\/a><\/p>\n","protected":false},"excerpt":{"rendered":"<p>&#8230;<\/p>\n","protected":false},"author":2,"featured_media":0,"parent":0,"menu_order":0,"comment_status":"open","ping_status":"closed","template":"template-fullwidth.php","meta":{"footnotes":""},"class_list":["post-1304","page","type-page","status-publish","hentry"],"_links":{"self":[{"href":"https:\/\/mosert-lackierung.de\/cms\/wp-json\/wp\/v2\/pages\/1304","targetHints":{"allow":["GET"]}}],"collection":[{"href":"https:\/\/mosert-lackierung.de\/cms\/wp-json\/wp\/v2\/pages"}],"about":[{"href":"https:\/\/mosert-lackierung.de\/cms\/wp-json\/wp\/v2\/types\/page"}],"author":[{"embeddable":true,"href":"https:\/\/mosert-lackierung.de\/cms\/wp-json\/wp\/v2\/users\/2"}],"replies":[{"embeddable":true,"href":"https:\/\/mosert-lackierung.de\/cms\/wp-json\/wp\/v2\/comments?post=1304"}],"version-history":[{"count":9,"href":"https:\/\/mosert-lackierung.de\/cms\/wp-json\/wp\/v2\/pages\/1304\/revisions"}],"predecessor-version":[{"id":1478,"href":"https:\/\/mosert-lackierung.de\/cms\/wp-json\/wp\/v2\/pages\/1304\/revisions\/1478"}],"wp:attachment":[{"href":"https:\/\/mosert-lackierung.de\/cms\/wp-json\/wp\/v2\/media?parent=1304"}],"curies":[{"name":"wp","href":"https:\/\/api.w.org\/{rel}","templated":true}]}}